{"id":53,"date":"2024-12-09T15:41:30","date_gmt":"2024-12-09T20:41:30","guid":{"rendered":"https:\/\/websitebuilder-demo.net\/architekt\/?page_id=53"},"modified":"2026-04-02T12:20:26","modified_gmt":"2026-04-02T17:20:26","slug":"lyrics","status":"publish","type":"page","link":"https:\/\/chediaspoetryandlyrics.com\/fr\/lyrics\/","title":{"rendered":"Paroles"},"content":{"rendered":"<div class=\"brz-root__container brz-reset-all brz brz-root__container-page\">\n<section id=\"0a0b2a59fadeb0383111_zqhijcarmdjtslfoahjmukmxgmelkkbxsaif\" class=\"brz-section brz-css-bxehuj brz-css-kzc55p\">\n<div class=\"brz-section__content brz-section--boxed brz-css-1myszeq brz-css-oru37o\" data-brz-custom-id=\"tbzmulhqqerwemjnjpqqhonkovxtibgwlypq\">\n<div class=\"brz-bg\">\n<div class=\"brz-bg-image\"><\/div>\n<div class=\"brz-bg-color\"><\/div>\n<\/div>\n<div class=\"brz-container brz-css-1xe9wi3 brz-css-eztl2y\">\n<div id=\"\" data-brz-iteration-count=\"1\" class=\"brz-css-1ly3ui8 brz-wrapper brz-animated brz-css-wfk15k brz-css-vbzksu\" data-animationid=\"fapejxbvhytatqlpqllqictfwdamiwqxbhsq\">\n<div class=\"brz-rich-text brz-rich-text__custom brz-css-ywan74\" data-brz-custom-id=\"utgyklxrdyusflliujljxcpcttokaebouptd\">\n<div data-brz-translate-text=\"1\">\n<h2 class=\"brz-tp-xs-heading2 brz-fsft-lg-0 brz-fwdth-lg-100 brz-vfw-lg-400 brz-lh-lg-1_6 brz-ls-lg-8 brz-fw-lg-400 brz-fss-lg-px brz-fs-lg-66 brz-ft-google brz-ff-eb_garamond brz-tp-lg-empty brz-fs-xs-15 brz-lh-xs-1_8 brz-text-lg-center brz-vfw-sm-400 brz-fwdth-sm-100 brz-fsft-sm-0 brz-tp-sm-empty brz-fs-sm-42 brz-fss-sm-px brz-fw-sm-400 brz-ls-sm-3 brz-lh-sm-1_3 brz-css-j85OR\" data-generated-css=\"brz-css-pm52q\" data-uniq-id=\"id3Xb\"><span class=\"brz-cp-color8\">PAROLES<\/span><\/h2>\n<\/div>\n<\/div>\n<\/div>\n<div id=\"\" class=\"brz-css-1ly3ui8 brz-css-1kzupts brz-wrapper\">\n<div class=\"brz-spacer brz-css-m69e3r brz-css-1pkr2fd\"><\/div>\n<\/div>\n<\/div>\n<\/div>\n<\/section>\n<section id=\"ecbc6d84ec4f97e6c4f8_ggztusksnugjehdonrphmitgvrgmeegpdomd\" class=\"brz-section brz-css-bxehuj\">\n<div class=\"brz-section__content brz-section--boxed brz-css-1myszeq brz-css-6jysqb\" data-brz-custom-id=\"tdkxrufqfwxjwzwulkdpebjlxodfcfraxbyo\">\n<div class=\"brz-bg\">\n<div class=\"brz-bg-color\"><\/div>\n<\/div>\n<div class=\"brz-container brz-css-1xe9wi3\">\n<div id=\"\" class=\"brz-css-1ly3ui8 brz-css-1kzupts brz-css-mk5m20 brz-wrapper\">\n<div class=\"brz-spacer brz-css-m69e3r brz-css-gnenff\"><\/div>\n<\/div>\n<div class=\"brz-row__container brz-css-4vjcdo brz-css-1qll048\" data-brz-custom-id=\"feezzqajrazizuhspsxfbqdkokawkertgkwa\">\n<div class=\"brz-bg\"><\/div>\n<div class=\"brz-row brz-css-1ewtmi7\">\n<div class=\"brz-columns brz-css-1r6eqdl brz-css-1j2axw6\" data-brz-custom-id=\"rjdgonmkjbewggieayqeeizhqylagyopmwwp\">\n<div class=\"brz-bg\"><\/div>\n<div class=\"brz-column__items brz-css-51uhiv brz-css-zvz3mz\">\n<div id=\"\" class=\"brz-css-1ly3ui8 brz-css-a2clnn brz-wrapper\">\n<div class=\"brz-image brz-css-1qapp9q\" data-brz-custom-id=\"dxskhpkfqsbytpseblvxnjtpacaybnvlcwkc\"><img decoding=\"async\" class=\"brz-img\" src=\"https:\/\/chediaspoetryandlyrics.com\/wp-content\/uploads\/brizy\/imgs\/Chedia03-446x670x0x55x446x560x1734385330.jpg\" alt=\"\" loading=\"lazy\"><\/div>\n<\/div>\n<\/div>\n<\/div>\n<div class=\"brz-columns brz-css-1r6eqdl brz-css-1ukztd8\" data-brz-custom-id=\"ctzjmfubgsbdekfjknlxsuqgtxgtsnlljebm\">\n<div class=\"brz-bg\">\n<div class=\"brz-bg-color\"><\/div>\n<\/div>\n<div class=\"brz-column__items brz-css-51uhiv brz-css-5fmsgw\">\n<div id=\"\" class=\"brz-css-1ly3ui8 brz-wrapper\">\n<div class=\"brz-rich-text brz-rich-text__custom brz-css-ywan74\" data-brz-custom-id=\"jQgJUVG635YQ\">\n<div data-brz-translate-text=\"1\">\n<h2 data-generated-css=\"brz-css-fTwEy\" data-uniq-id=\"rqpFa\" class=\"brz-text-lg-center brz-tp-lg-heading2 brz-fs-sm-42 brz-fss-sm-px brz-fw-sm-400 brz-ls-sm-3 brz-lh-sm-1_3 brz-vfw-sm-400 brz-fwdth-sm-100 brz-fsft-sm-0 brz-tp-sm-heading2 brz-css-n9VkL\"><span class=\"brz-cp-color7\">DE LA PO\u00c9SIE AUX PAROLES<\/span><\/h2>\n<\/div>\n<\/div>\n<\/div>\n<div id=\"\" class=\"brz-css-1ly3ui8 brz-css-1kzupts brz-wrapper\">\n<div class=\"brz-spacer brz-css-m69e3r brz-css-4dqyal\"><\/div>\n<\/div>\n<div id=\"\" class=\"brz-css-1ly3ui8 brz-css-jpelg2 brz-wrapper\">\n<div class=\"brz-rich-text brz-rich-text__custom brz-css-ywan74\" data-brz-custom-id=\"pqtsxvpvfombfpqktfrggzmuhrviqtjdmqll\">\n<div data-brz-translate-text=\"1\">\n<p class=\"brz-text-lg-center brz-text-xs-center brz-mb-lg-20 brz-mb-xs-0 brz-fss-xs-px brz-fw-xs-300 brz-ls-xs-0 brz-lh-xs-1_6 brz-vfw-xs-400 brz-fwdth-xs-100 brz-fsft-xs-0 brz-tp-xs-empty brz-fs-xs-16 brz-tp-lg-empty brz-ff-reem_kufi brz-ft-google brz-fs-lg-19 brz-fss-lg-px brz-fw-lg-400 brz-ls-lg-0 brz-lh-lg-1 brz-vfw-lg-400 brz-fwdth-lg-100 brz-fsft-lg-0 brz-tp-sm-empty brz-fs-sm-16 brz-fss-sm-px brz-fw-sm-400 brz-ls-sm-0 brz-lh-sm-1 brz-vfw-sm-400 brz-fwdth-sm-100 brz-fsft-sm-0 brz-css-idM6z\" data-uniq-id=\"cCDUC\" data-generated-css=\"brz-css-jtldR\"><span class=\"brz-cp-color1\">J\u2019\u00e9cris de la po\u00e9sie qui peut facilement \u00eatre transform\u00e9e en paroles.&nbsp;<\/span><\/p>\n<p class=\"brz-text-lg-center brz-text-xs-center brz-mb-lg-20 brz-mb-xs-0 brz-fss-xs-px brz-fw-xs-300 brz-ls-xs-0 brz-lh-xs-1_6 brz-vfw-xs-400 brz-fwdth-xs-100 brz-fsft-xs-0 brz-tp-xs-empty brz-fs-xs-16 brz-tp-lg-empty brz-ff-reem_kufi brz-ft-google brz-fs-lg-19 brz-fss-lg-px brz-fw-lg-400 brz-ls-lg-0 brz-lh-lg-1 brz-vfw-lg-400 brz-fwdth-lg-100 brz-fsft-lg-0 brz-tp-sm-empty brz-fs-sm-16 brz-fss-sm-px brz-fw-sm-400 brz-ls-sm-0 brz-lh-sm-1 brz-vfw-sm-400 brz-fwdth-sm-100 brz-fsft-sm-0 brz-css-jBLCE\" data-uniq-id=\"hzZE8\" data-generated-css=\"brz-css-vzYWC\"><span class=\"brz-cp-color1\">Contactez-moi si vous \u00eates int\u00e9ress\u00e9 \u00e0 travailler ensemble !<\/span><\/p>\n<\/div>\n<\/div>\n<\/div>\n<div id=\"\" class=\"brz-css-1ly3ui8 brz-wrapper\">\n<div class=\"brz-line brz-line-default brz-css-1urzu2 brz-css-pq9jpi\" data-brz-custom-id=\"xbbqgjxmftszctcdvyaobiaehzlocshtxlad\">\n<hr class=\"brz-hr\"><\/div>\n<\/div>\n<div id=\"\" class=\"brz-css-1ly3ui8 brz-css-1kzupts brz-css-m49kci brz-wrapper\">\n<div class=\"brz-spacer brz-css-m69e3r brz-css-17mqea4\"><\/div>\n<\/div>\n<div id=\"\" class=\"brz-css-1ly3ui8 brz-css-1eiq9z brz-wrapper\">\n<div class=\"brz-rich-text brz-rich-text__custom brz-css-ywan74\" data-brz-custom-id=\"wpdlnulbdqfjwggptarddheaosrotjmjaetr\">\n<div data-brz-translate-text=\"1\">\n<p class=\"brz-lh-xs-1 brz-ls-xs-0 brz-fw-xs-400 brz-fss-xs-px brz-fs-xs-21 brz-tp-xs-empty brz-fsft-xs-0 brz-fwdth-xs-100 brz-vfw-xs-400 brz-text-xs-center brz-mb-xs-15 brz-text-lg-center brz-tp-lg-empty brz-ff-reem_kufi brz-ft-google brz-fs-lg-24 brz-fss-lg-px brz-fw-lg-400 brz-ls-lg-0 brz-lh-lg-1_6 brz-vfw-lg-400 brz-fwdth-lg-100 brz-fsft-lg-0 brz-mb-lg-0 brz-fss-sm-px brz-fw-sm-400 brz-ls-sm-0 brz-lh-sm-1 brz-vfw-sm-400 brz-fwdth-sm-100 brz-fsft-sm-0 brz-tp-sm-empty brz-fs-sm-17 brz-css-pxqEC\" data-generated-css=\"brz-css-mS0Ht\" data-uniq-id=\"wYqff\"><span class=\"brz-cp-color1\">\u00ab\u00a0Tu seras toujours l\u2019accord parfait dans la m\u00e9lodie de ma chanson d\u2019amour. Et pour cette perfection, je serai \u00e9ternellement.\u00a0\u00bb <\/span><\/p>\n<\/div>\n<\/div>\n<\/div>\n<div id=\"\" class=\"brz-css-1ly3ui8 brz-css-1kzupts brz-css-196ef3q brz-wrapper\">\n<div class=\"brz-spacer brz-css-m69e3r brz-css-q8f9yt\"><\/div>\n<\/div>\n<div id=\"\" class=\"brz-css-1ly3ui8 brz-css-un7h6q brz-wrapper\">\n<div class=\"brz-rich-text brz-rich-text__custom brz-css-ywan74\" data-brz-custom-id=\"g2xj7iEbrBP0\">\n<div data-brz-translate-text=\"1\">\n<p class=\"brz-fsft-lg-0 brz-fwdth-lg-100 brz-vfw-lg-400 brz-lh-lg-1_6 brz-ls-lg-0 brz-fw-lg-400 brz-fss-lg-px brz-fs-lg-19 brz-ft-google brz-ff-reem_kufi brz-tp-lg-empty brz-text-lg-center brz-text-xs-center brz-mb-lg-20 brz-mb-xs-0 brz-fss-xs-px brz-fw-xs-300 brz-ls-xs-0 brz-lh-xs-1_6 brz-vfw-xs-400 brz-fwdth-xs-100 brz-fsft-xs-0 brz-tp-xs-empty brz-fs-xs-16 brz-fss-sm-px brz-fw-sm-400 brz-ls-sm-0 brz-lh-sm-1_6 brz-vfw-sm-400 brz-fwdth-sm-100 brz-fsft-sm-0 brz-tp-sm-empty brz-fs-sm-17 brz-css-btw2w\" data-uniq-id=\"rKQQ7\" data-generated-css=\"brz-css-pAOtm\"><span class=\"brz-cp-color1\"> &#8211;&nbsp;<\/span><em class=\"brz-cp-color1\">Du po\u00e8me d\u2019amour \u00ab\u00a0Flawless\u00a0\u00bb par&nbsp;<\/em><em class=\"brz-cp-color1 brz-italic-true\">Chedia El Khouri<\/em><\/p>\n<\/div>\n<\/div>\n<\/div>\n<\/div>\n<\/div>\n<\/div>\n<\/div>\n<div id=\"\" class=\"brz-css-1ly3ui8 brz-css-1kzupts brz-css-5t8u8v brz-wrapper\">\n<div class=\"brz-spacer brz-css-m69e3r brz-css-1tpwuxw\"><\/div>\n<\/div>\n<\/div>\n<\/div>\n<\/section>\n<\/div>\n<p>    <!-- version:1744280485 --><\/p>","protected":false},"excerpt":{"rendered":"<p>LYRICS FROM POETRY TO LYRICS I write poetry that can easily be turned into lyrics.&nbsp; Contact me if you are interested in working together ! \u201cYou will always be the perfect chord in the melody of my&nbsp;love song. And for this&nbsp;perfection, I will forever long.\u201d &#8211;&nbsp;From the&nbsp;love&nbsp;poem&nbsp;\u201cFlawless\u201d by&nbsp;Chedia El Khouri<\/p>","protected":false},"author":1,"featured_media":0,"parent":0,"menu_order":0,"comment_status":"closed","ping_status":"closed","template":"brizy-blank-template.php","meta":{"footnotes":""},"class_list":["post-53","page","type-page","status-publish","hentry","entry"],"yoast_head":"<!-- This site is optimized with the Yoast SEO plugin v27.4 - https:\/\/yoast.com\/product\/yoast-seo-wordpress\/ -->\n<title>Lyrics - Chedia&#039;s poetry and lyrics<\/title>\n<meta name=\"robots\" content=\"index, follow, max-snippet:-1, max-image-preview:large, max-video-preview:-1\" \/>\n<link rel=\"canonical\" href=\"https:\/\/chediaspoetryandlyrics.com\/fr\/lyrics\/\" \/>\n<meta property=\"og:locale\" content=\"fr_CA\" \/>\n<meta property=\"og:type\" content=\"article\" \/>\n<meta property=\"og:title\" content=\"Lyrics - Chedia&#039;s poetry and lyrics\" \/>\n<meta property=\"og:description\" content=\"LYRICS FROM POETRY TO LYRICS I write poetry that can easily be turned into lyrics.&nbsp; Contact me if you are interested in working together ! \u201cYou will always be the perfect chord in the melody of my&nbsp;love song. And for this&nbsp;perfection, I will forever long.\u201d &#8211;&nbsp;From the&nbsp;love&nbsp;poem&nbsp;\u201cFlawless\u201d by&nbsp;Chedia El Khouri\" \/>\n<meta property=\"og:url\" content=\"https:\/\/chediaspoetryandlyrics.com\/fr\/lyrics\/\" \/>\n<meta property=\"og:site_name\" content=\"Chedia&#039;s poetry and lyrics\" \/>\n<meta property=\"article:publisher\" content=\"https:\/\/www.facebook.com\/chedia.khouri.3\" \/>\n<meta property=\"article:modified_time\" content=\"2026-04-02T17:20:26+00:00\" \/>\n<meta property=\"og:image\" content=\"https:\/\/chediaspoetryandlyrics.com\/wp-content\/uploads\/brizy\/imgs\/Chedia03-446x670x0x55x446x560x1734385330.jpg\" \/>\n<meta name=\"twitter:card\" content=\"summary_large_image\" \/>\n<script type=\"application\/ld+json\" class=\"yoast-schema-graph\">{\"@context\":\"https:\\\/\\\/schema.org\",\"@graph\":[{\"@type\":\"WebPage\",\"@id\":\"https:\\\/\\\/chediaspoetryandlyrics.com\\\/lyrics\\\/\",\"url\":\"https:\\\/\\\/chediaspoetryandlyrics.com\\\/lyrics\\\/\",\"name\":\"Lyrics - Chedia&#039;s poetry and lyrics\",\"isPartOf\":{\"@id\":\"https:\\\/\\\/chediaspoetryandlyrics.com\\\/#website\"},\"primaryImageOfPage\":{\"@id\":\"https:\\\/\\\/chediaspoetryandlyrics.com\\\/lyrics\\\/#primaryimage\"},\"image\":{\"@id\":\"https:\\\/\\\/chediaspoetryandlyrics.com\\\/lyrics\\\/#primaryimage\"},\"thumbnailUrl\":\"https:\\\/\\\/chediaspoetryandlyrics.com\\\/wp-content\\\/uploads\\\/brizy\\\/imgs\\\/Chedia03-446x670x0x55x446x560x1734385330.jpg\",\"datePublished\":\"2024-12-09T20:41:30+00:00\",\"dateModified\":\"2026-04-02T17:20:26+00:00\",\"breadcrumb\":{\"@id\":\"https:\\\/\\\/chediaspoetryandlyrics.com\\\/lyrics\\\/#breadcrumb\"},\"inLanguage\":\"fr-CA\",\"potentialAction\":[{\"@type\":\"ReadAction\",\"target\":[\"https:\\\/\\\/chediaspoetryandlyrics.com\\\/lyrics\\\/\"]}]},{\"@type\":\"ImageObject\",\"inLanguage\":\"fr-CA\",\"@id\":\"https:\\\/\\\/chediaspoetryandlyrics.com\\\/lyrics\\\/#primaryimage\",\"url\":\"https:\\\/\\\/chediaspoetryandlyrics.com\\\/wp-content\\\/uploads\\\/brizy\\\/imgs\\\/Chedia03-446x670x0x55x446x560x1734385330.jpg\",\"contentUrl\":\"https:\\\/\\\/chediaspoetryandlyrics.com\\\/wp-content\\\/uploads\\\/brizy\\\/imgs\\\/Chedia03-446x670x0x55x446x560x1734385330.jpg\"},{\"@type\":\"BreadcrumbList\",\"@id\":\"https:\\\/\\\/chediaspoetryandlyrics.com\\\/lyrics\\\/#breadcrumb\",\"itemListElement\":[{\"@type\":\"ListItem\",\"position\":1,\"name\":\"Accueil\",\"item\":\"https:\\\/\\\/chediaspoetryandlyrics.com\\\/\"},{\"@type\":\"ListItem\",\"position\":2,\"name\":\"Lyrics\"}]},{\"@type\":\"WebSite\",\"@id\":\"https:\\\/\\\/chediaspoetryandlyrics.com\\\/#website\",\"url\":\"https:\\\/\\\/chediaspoetryandlyrics.com\\\/\",\"name\":\"Chedia's poetry and lyrics\",\"description\":\"Poetry and Lyrics\",\"publisher\":{\"@id\":\"https:\\\/\\\/chediaspoetryandlyrics.com\\\/#\\\/schema\\\/person\\\/6e10f7c97119034440193ce1b10c53ac\"},\"potentialAction\":[{\"@type\":\"SearchAction\",\"target\":{\"@type\":\"EntryPoint\",\"urlTemplate\":\"https:\\\/\\\/chediaspoetryandlyrics.com\\\/?s={search_term_string}\"},\"query-input\":{\"@type\":\"PropertyValueSpecification\",\"valueRequired\":true,\"valueName\":\"search_term_string\"}}],\"inLanguage\":\"fr-CA\"},{\"@type\":[\"Person\",\"Organization\"],\"@id\":\"https:\\\/\\\/chediaspoetryandlyrics.com\\\/#\\\/schema\\\/person\\\/6e10f7c97119034440193ce1b10c53ac\",\"name\":\"Chedia ElKhouri\",\"image\":{\"@type\":\"ImageObject\",\"inLanguage\":\"fr-CA\",\"@id\":\"https:\\\/\\\/chediaspoetryandlyrics.com\\\/wp-content\\\/uploads\\\/ChediaElKhouri.jpg\",\"url\":\"https:\\\/\\\/chediaspoetryandlyrics.com\\\/wp-content\\\/uploads\\\/ChediaElKhouri.jpg\",\"contentUrl\":\"https:\\\/\\\/chediaspoetryandlyrics.com\\\/wp-content\\\/uploads\\\/ChediaElKhouri.jpg\",\"width\":681,\"height\":1024,\"caption\":\"Chedia ElKhouri\"},\"logo\":{\"@id\":\"https:\\\/\\\/chediaspoetryandlyrics.com\\\/wp-content\\\/uploads\\\/ChediaElKhouri.jpg\"},\"sameAs\":[\"https:\\\/\\\/www.facebook.com\\\/chedia.khouri.3\",\"https:\\\/\\\/www.instagram.com\\\/chediaelkhouri\\\/\"]}]}<\/script>\n<!-- \/ Yoast SEO plugin. -->","yoast_head_json":{"title":"Lyrics - Chedia&#039;s poetry and lyrics","robots":{"index":"index","follow":"follow","max-snippet":"max-snippet:-1","max-image-preview":"max-image-preview:large","max-video-preview":"max-video-preview:-1"},"canonical":"https:\/\/chediaspoetryandlyrics.com\/fr\/lyrics\/","og_locale":"fr_CA","og_type":"article","og_title":"Lyrics - Chedia&#039;s poetry and lyrics","og_description":"LYRICS FROM POETRY TO LYRICS I write poetry that can easily be turned into lyrics.&nbsp; Contact me if you are interested in working together ! \u201cYou will always be the perfect chord in the melody of my&nbsp;love song. And for this&nbsp;perfection, I will forever long.\u201d &#8211;&nbsp;From the&nbsp;love&nbsp;poem&nbsp;\u201cFlawless\u201d by&nbsp;Chedia El Khouri","og_url":"https:\/\/chediaspoetryandlyrics.com\/fr\/lyrics\/","og_site_name":"Chedia&#039;s poetry and lyrics","article_publisher":"https:\/\/www.facebook.com\/chedia.khouri.3","article_modified_time":"2026-04-02T17:20:26+00:00","og_image":[{"url":"https:\/\/chediaspoetryandlyrics.com\/wp-content\/uploads\/brizy\/imgs\/Chedia03-446x670x0x55x446x560x1734385330.jpg","type":"","width":"","height":""}],"twitter_card":"summary_large_image","schema":{"@context":"https:\/\/schema.org","@graph":[{"@type":"WebPage","@id":"https:\/\/chediaspoetryandlyrics.com\/lyrics\/","url":"https:\/\/chediaspoetryandlyrics.com\/lyrics\/","name":"Lyrics - Chedia&#039;s poetry and lyrics","isPartOf":{"@id":"https:\/\/chediaspoetryandlyrics.com\/#website"},"primaryImageOfPage":{"@id":"https:\/\/chediaspoetryandlyrics.com\/lyrics\/#primaryimage"},"image":{"@id":"https:\/\/chediaspoetryandlyrics.com\/lyrics\/#primaryimage"},"thumbnailUrl":"https:\/\/chediaspoetryandlyrics.com\/wp-content\/uploads\/brizy\/imgs\/Chedia03-446x670x0x55x446x560x1734385330.jpg","datePublished":"2024-12-09T20:41:30+00:00","dateModified":"2026-04-02T17:20:26+00:00","breadcrumb":{"@id":"https:\/\/chediaspoetryandlyrics.com\/lyrics\/#breadcrumb"},"inLanguage":"fr-CA","potentialAction":[{"@type":"ReadAction","target":["https:\/\/chediaspoetryandlyrics.com\/lyrics\/"]}]},{"@type":"ImageObject","inLanguage":"fr-CA","@id":"https:\/\/chediaspoetryandlyrics.com\/lyrics\/#primaryimage","url":"https:\/\/chediaspoetryandlyrics.com\/wp-content\/uploads\/brizy\/imgs\/Chedia03-446x670x0x55x446x560x1734385330.jpg","contentUrl":"https:\/\/chediaspoetryandlyrics.com\/wp-content\/uploads\/brizy\/imgs\/Chedia03-446x670x0x55x446x560x1734385330.jpg"},{"@type":"BreadcrumbList","@id":"https:\/\/chediaspoetryandlyrics.com\/lyrics\/#breadcrumb","itemListElement":[{"@type":"ListItem","position":1,"name":"Accueil","item":"https:\/\/chediaspoetryandlyrics.com\/"},{"@type":"ListItem","position":2,"name":"Lyrics"}]},{"@type":"WebSite","@id":"https:\/\/chediaspoetryandlyrics.com\/#website","url":"https:\/\/chediaspoetryandlyrics.com\/","name":"Chedia's poetry and lyrics","description":"Po\u00e9sie et paroles","publisher":{"@id":"https:\/\/chediaspoetryandlyrics.com\/#\/schema\/person\/6e10f7c97119034440193ce1b10c53ac"},"potentialAction":[{"@type":"SearchAction","target":{"@type":"EntryPoint","urlTemplate":"https:\/\/chediaspoetryandlyrics.com\/?s={search_term_string}"},"query-input":{"@type":"PropertyValueSpecification","valueRequired":true,"valueName":"search_term_string"}}],"inLanguage":"fr-CA"},{"@type":["Person","Organization"],"@id":"https:\/\/chediaspoetryandlyrics.com\/#\/schema\/person\/6e10f7c97119034440193ce1b10c53ac","name":"Chedia ElKhouri","image":{"@type":"ImageObject","inLanguage":"fr-CA","@id":"https:\/\/chediaspoetryandlyrics.com\/wp-content\/uploads\/ChediaElKhouri.jpg","url":"https:\/\/chediaspoetryandlyrics.com\/wp-content\/uploads\/ChediaElKhouri.jpg","contentUrl":"https:\/\/chediaspoetryandlyrics.com\/wp-content\/uploads\/ChediaElKhouri.jpg","width":681,"height":1024,"caption":"Chedia ElKhouri"},"logo":{"@id":"https:\/\/chediaspoetryandlyrics.com\/wp-content\/uploads\/ChediaElKhouri.jpg"},"sameAs":["https:\/\/www.facebook.com\/chedia.khouri.3","https:\/\/www.instagram.com\/chediaelkhouri\/"]}]}},"brizy_media":[{"id":412,"url":"https:\/\/chediaspoetryandlyrics.com\/wp-content\/uploads\/AccueilFond02.jpg","name":"AccueilFond02.jpg","meta":{"brizy_attachment_uid":"wp-949ed22c6d984919fd148c8c8b766849.jpg","brizy_post_uid":["da2e1473465b7e501b7e965425c39a7f","f915af9dbcef8e86d2db96427ff831ec"]}},{"id":596,"url":"https:\/\/chediaspoetryandlyrics.com\/wp-content\/uploads\/Chedia03.jpg","name":"Chedia03.jpg","meta":{"brizy_attachment_uid":"wp-82b1a13006084ee3cf42a8c8d095b25d.jpg","brizy_post_uid":["f915af9dbcef8e86d2db96427ff831ec"]}}],"_links":{"self":[{"href":"https:\/\/chediaspoetryandlyrics.com\/fr\/wp-json\/wp\/v2\/pages\/53","targetHints":{"allow":["GET"]}}],"collection":[{"href":"https:\/\/chediaspoetryandlyrics.com\/fr\/wp-json\/wp\/v2\/pages"}],"about":[{"href":"https:\/\/chediaspoetryandlyrics.com\/fr\/wp-json\/wp\/v2\/types\/page"}],"author":[{"embeddable":true,"href":"https:\/\/chediaspoetryandlyrics.com\/fr\/wp-json\/wp\/v2\/users\/1"}],"replies":[{"embeddable":true,"href":"https:\/\/chediaspoetryandlyrics.com\/fr\/wp-json\/wp\/v2\/comments?post=53"}],"version-history":[{"count":0,"href":"https:\/\/chediaspoetryandlyrics.com\/fr\/wp-json\/wp\/v2\/pages\/53\/revisions"}],"wp:attachment":[{"href":"https:\/\/chediaspoetryandlyrics.com\/fr\/wp-json\/wp\/v2\/media?parent=53"}],"curies":[{"name":"wp","href":"https:\/\/api.w.org\/{rel}","templated":true}]}}